{"id":256,"date":"2023-10-22T19:21:01","date_gmt":"2023-10-23T07:21:01","guid":{"rendered":"http:\/\/www.test.bip.mzk.bydgoszcz.pl\/?page_id=256"},"modified":"2025-12-16T23:58:37","modified_gmt":"2025-12-17T11:58:37","slug":"osoby-odpowiedzialne-za-serwis","status":"publish","type":"page","link":"https:\/\/bip.mzk.bydgoszcz.pl\/index.php\/osoby-odpowiedzialne-za-serwis\/","title":{"rendered":"Osoby odpowiedzialne za serwis"},"content":{"rendered":"<style>.kb-row-layout-id256_23c00d-87 > .kt-row-column-wrap{align-content:start;}:where(.kb-row-layout-id256_23c00d-87 > .kt-row-column-wrap) > .wp-block-kadence-column{justify-content:start;}.kb-row-layout-id256_23c00d-87 > .kt-row-column-wrap{column-gap:0px;row-gap:var(--global-kb-gap-none, 0 );max-width:2000px;margin-left:auto;margin-right:auto;grid-template-columns:minmax(0, 40%) minmax(0, 20%) minmax(0, 40%);}.kb-row-layout-id256_23c00d-87{background-image:linear-gradient(135deg,rgb(6,147,227) 41%,rgb(20,39,109) 91%);}.kb-row-layout-id256_23c00d-87 > .kt-row-layout-overlay{opacity:0.30;}.kb-row-layout-id256_23c00d-87 .kt-row-layout-bottom-sep{height:100px;}.kb-row-layout-id256_23c00d-87 .kt-row-layout-bottom-sep svg{width:100%;}.kb-row-layout-id256_23c00d-87 .kt-row-layout-bottom-sep svg{fill:#ffffff!important;}.kb-row-layout-id256_23c00d-87 .kt-row-layout-top-sep{height:100px;}.kb-row-layout-id256_23c00d-87 .kt-row-layout-top-sep svg{fill:#ffffff!important;}@media all and (max-width: 1024px){.kb-row-layout-id256_23c00d-87 > .kt-row-column-wrap{grid-template-columns:repeat(3, minmax(0, 1fr));}}@media all and (max-width: 1024px){.kb-row-layout-id256_23c00d-87 .kt-row-layout-bottom-sep{height:px;}}@media all and (max-width: 1024px){.kb-row-layout-id256_23c00d-87 .kt-row-layout-bottom-sep svg{width:%;}}@media all and (max-width: 767px){.kb-row-layout-id256_23c00d-87 > .kt-row-column-wrap{grid-template-columns:minmax(0, 1fr);}.kb-row-layout-id256_23c00d-87 .kt-row-layout-bottom-sep{height:px;}.kb-row-layout-id256_23c00d-87 .kt-row-layout-bottom-sep svg{width:%;}}<\/style><div class=\"kb-row-layout-wrap kb-row-layout-id256_23c00d-87 alignnone kt-row-has-bg wp-block-kadence-rowlayout\"><div class=\"kt-row-layout-top-sep kt-row-sep-type-ctd\"><svg viewBox=\"0 0 1000 100\" preserveAspectRatio=\"none\"><path d=\"M1000,0l-500,98l-500,-98l0,100l1000,0l0,-100Z\" style=\"opacity: 0.4\" \/><path d=\"M1000,20l-500,78l-500,-78l0,80l1000,0l0,-80Z\" \/><\/svg><\/div><div class=\"kt-row-layout-bottom-sep kt-row-sep-type-ctd\"><svg viewBox=\"0 0 1000 100\" preserveAspectRatio=\"none\"><path d=\"M1000,0l-500,98l-500,-98l0,100l1000,0l0,-100Z\" style=\"opacity: 0.4\" \/><path d=\"M1000,20l-500,78l-500,-78l0,80l1000,0l0,-80Z\" \/><\/svg><\/div><div class=\"kt-row-column-wrap kt-has-3-columns kt-row-layout-equal kt-tab-layout-inherit kt-mobile-layout-row kt-row-valign-top\">\n<style>.kadence-column256_c99b8c-85 > .kt-inside-inner-col,.kadence-column256_c99b8c-85 > .kt-inside-inner-col:before{border-top-left-radius:0px;border-top-right-radius:0px;border-bottom-right-radius:0px;border-bottom-left-radius:0px;}.kadence-column256_c99b8c-85 > .kt-inside-inner-col{column-gap:var(--global-kb-gap-sm, 1rem);}.kadence-column256_c99b8c-85 > .kt-inside-inner-col{flex-direction:column;}.kadence-column256_c99b8c-85 > .kt-inside-inner-col > .aligncenter{width:100%;}.kadence-column256_c99b8c-85 > .kt-inside-inner-col:before{opacity:0.3;}.kadence-column256_c99b8c-85{position:relative;}@media all and (max-width: 1024px){.kadence-column256_c99b8c-85 > .kt-inside-inner-col{flex-direction:column;}}@media all and (max-width: 767px){.kadence-column256_c99b8c-85 > .kt-inside-inner-col{flex-direction:column;}}<\/style>\n<div class=\"wp-block-kadence-column kadence-column256_c99b8c-85\"><div class=\"kt-inside-inner-col\"><style>.kb-image256_714df4-c3.kb-image-is-ratio-size, .kb-image256_714df4-c3 .kb-image-is-ratio-size{max-width:411px;width:100%;}.wp-block-kadence-column > .kt-inside-inner-col > .kb-image256_714df4-c3.kb-image-is-ratio-size, .wp-block-kadence-column > .kt-inside-inner-col > .kb-image256_714df4-c3 .kb-image-is-ratio-size{align-self:unset;}.kb-image256_714df4-c3 figure{max-width:411px;}.kb-image256_714df4-c3 .image-is-svg, .kb-image256_714df4-c3 .image-is-svg img{width:100%;}.kb-image256_714df4-c3 .kb-image-has-overlay:after{opacity:0.3;}.kb-image256_714df4-c3 img.kb-img, .kb-image256_714df4-c3 .kb-img img{-webkit-mask-image:url(https:\/\/bip.mzk.bydgoszcz.pl\/wp-content\/plugins\/kadence-blocks\/includes\/assets\/images\/masks\/hexagon.svg);mask-image:url(https:\/\/bip.mzk.bydgoszcz.pl\/wp-content\/plugins\/kadence-blocks\/includes\/assets\/images\/masks\/hexagon.svg);-webkit-mask-size:auto;mask-size:auto;-webkit-mask-repeat:no-repeat;mask-repeat:no-repeat;-webkit-mask-position:center;mask-position:center;}<\/style>\n<div class=\"wp-block-kadence-image kb-image256_714df4-c3\"><figure class=\"aligncenter size-large\"><img loading=\"lazy\" decoding=\"async\" width=\"1024\" height=\"683\" src=\"http:\/\/www.test.bip.mzk.bydgoszcz.pl\/wp-content\/uploads\/2023\/10\/20190503_092217-edited-1024x683.jpg\" alt=\"\" class=\"kb-img wp-image-20\" srcset=\"https:\/\/bip.mzk.bydgoszcz.pl\/wp-content\/uploads\/2023\/10\/20190503_092217-edited-1024x683.jpg 1024w, https:\/\/bip.mzk.bydgoszcz.pl\/wp-content\/uploads\/2023\/10\/20190503_092217-edited-300x200.jpg 300w, https:\/\/bip.mzk.bydgoszcz.pl\/wp-content\/uploads\/2023\/10\/20190503_092217-edited-768x512.jpg 768w, https:\/\/bip.mzk.bydgoszcz.pl\/wp-content\/uploads\/2023\/10\/20190503_092217-edited-1536x1024.jpg 1536w, https:\/\/bip.mzk.bydgoszcz.pl\/wp-content\/uploads\/2023\/10\/20190503_092217-edited-2048x1365.jpg 2048w\" sizes=\"auto, (max-width: 1024px) 100vw, 1024px\" \/><\/figure><\/div>\n<\/div><\/div>\n\n\n<style>.kadence-column256_a75271-00 > .kt-inside-inner-col{display:flex;}.kadence-column256_a75271-00 > .kt-inside-inner-col,.kadence-column256_a75271-00 > .kt-inside-inner-col:before{border-top-left-radius:0px;border-top-right-radius:0px;border-bottom-right-radius:0px;border-bottom-left-radius:0px;}.kadence-column256_a75271-00 > .kt-inside-inner-col{row-gap:0px;column-gap:0px;}.kadence-column256_a75271-00 > .kt-inside-inner-col{flex-direction:column;justify-content:center;}.kadence-column256_a75271-00 > .kt-inside-inner-col > .aligncenter{width:100%;}.kt-row-column-wrap > .kadence-column256_a75271-00{align-self:center;}.kt-inner-column-height-full:not(.kt-has-1-columns) > .wp-block-kadence-column.kadence-column256_a75271-00{align-self:auto;}.kt-inner-column-height-full:not(.kt-has-1-columns) > .wp-block-kadence-column.kadence-column256_a75271-00 > .kt-inside-inner-col{flex-direction:column;justify-content:center;}.kadence-column256_a75271-00 > .kt-inside-inner-col:before{opacity:0.3;}.kadence-column256_a75271-00{text-align:left;}.kadence-column256_a75271-00{position:relative;}@media all and (max-width: 1024px){.kadence-column256_a75271-00 > .kt-inside-inner-col{flex-direction:column;}}@media all and (max-width: 767px){.kadence-column256_a75271-00 > .kt-inside-inner-col{flex-direction:column;}}<\/style>\n<div class=\"wp-block-kadence-column kadence-column256_a75271-00 kb-section-dir-vertical\"><div class=\"kt-inside-inner-col\"><style>.kb-image256_d64bf6-f3.kb-image-is-ratio-size, .kb-image256_d64bf6-f3 .kb-image-is-ratio-size{max-width:213px;width:100%;}.wp-block-kadence-column > .kt-inside-inner-col > .kb-image256_d64bf6-f3.kb-image-is-ratio-size, .wp-block-kadence-column > .kt-inside-inner-col > .kb-image256_d64bf6-f3 .kb-image-is-ratio-size{align-self:unset;}.kb-image256_d64bf6-f3 figure{max-width:213px;}.kb-image256_d64bf6-f3 .image-is-svg, .kb-image256_d64bf6-f3 .image-is-svg img{width:100%;}.kb-image256_d64bf6-f3 .kb-image-has-overlay:after{opacity:0.3;}<\/style>\n<div class=\"wp-block-kadence-image kb-image256_d64bf6-f3\"><figure class=\"aligncenter\"><img loading=\"lazy\" decoding=\"async\" width=\"200\" height=\"144\" src=\"https:\/\/bip.mzk.bydgoszcz.pl\/wp-content\/uploads\/2023\/10\/cropped-mzk-logo-wb.png\" alt=\"\" class=\"kb-img wp-image-251\"\/><\/figure><\/div>\n<\/div><\/div>\n\n\n<style>.kadence-column256_bcd3c0-e2 > .kt-inside-inner-col,.kadence-column256_bcd3c0-e2 > .kt-inside-inner-col:before{border-top-left-radius:0px;border-top-right-radius:0px;border-bottom-right-radius:0px;border-bottom-left-radius:0px;}.kadence-column256_bcd3c0-e2 > .kt-inside-inner-col{column-gap:var(--global-kb-gap-sm, 1rem);}.kadence-column256_bcd3c0-e2 > .kt-inside-inner-col{flex-direction:column;}.kadence-column256_bcd3c0-e2 > .kt-inside-inner-col > .aligncenter{width:100%;}.kadence-column256_bcd3c0-e2 > .kt-inside-inner-col:before{opacity:0.3;}.kadence-column256_bcd3c0-e2{position:relative;}@media all and (max-width: 1024px){.kadence-column256_bcd3c0-e2 > .kt-inside-inner-col{flex-direction:column;}}@media all and (max-width: 767px){.kadence-column256_bcd3c0-e2 > .kt-inside-inner-col{flex-direction:column;}}<\/style>\n<div class=\"wp-block-kadence-column kadence-column256_bcd3c0-e2\"><div class=\"kt-inside-inner-col\"><style>.kb-image256_fb837f-38.kb-image-is-ratio-size, .kb-image256_fb837f-38 .kb-image-is-ratio-size{max-width:372px;width:100%;}.wp-block-kadence-column > .kt-inside-inner-col > .kb-image256_fb837f-38.kb-image-is-ratio-size, .wp-block-kadence-column > .kt-inside-inner-col > .kb-image256_fb837f-38 .kb-image-is-ratio-size{align-self:unset;}.kb-image256_fb837f-38 figure{max-width:372px;}.kb-image256_fb837f-38 .image-is-svg, .kb-image256_fb837f-38 .image-is-svg img{width:100%;}.kb-image256_fb837f-38:not(.kb-image-is-ratio-size) .kb-img, .kb-image256_fb837f-38.kb-image-is-ratio-size{padding-right:0px;}.kb-image256_fb837f-38 .kb-image-has-overlay:after{opacity:0.3;}.kb-image256_fb837f-38 img.kb-img, .kb-image256_fb837f-38 .kb-img img{border-top-color:rgba(243,10,10,0);border-top-style:double;border-right-color:rgba(243,10,10,0);border-right-style:double;border-bottom-color:rgba(243,10,10,0);border-bottom-style:double;border-left-color:rgba(243,10,10,0);border-left-style:double;background-color:#ffffff;-webkit-mask-image:url(https:\/\/bip.mzk.bydgoszcz.pl\/wp-content\/plugins\/kadence-blocks\/includes\/assets\/images\/masks\/hexagon.svg);mask-image:url(https:\/\/bip.mzk.bydgoszcz.pl\/wp-content\/plugins\/kadence-blocks\/includes\/assets\/images\/masks\/hexagon.svg);-webkit-mask-size:auto;mask-size:auto;-webkit-mask-repeat:no-repeat;mask-repeat:no-repeat;-webkit-mask-position:center;mask-position:center;}@media all and (max-width: 1024px){.kb-image256_fb837f-38 img.kb-img, .kb-image256_fb837f-38 .kb-img img{border-top-color:rgba(243,10,10,0);border-top-style:double;border-right-color:rgba(243,10,10,0);border-right-style:double;border-bottom-color:rgba(243,10,10,0);border-bottom-style:double;border-left-color:rgba(243,10,10,0);border-left-style:double;}}@media all and (max-width: 767px){.kb-image256_fb837f-38 img.kb-img, .kb-image256_fb837f-38 .kb-img img{border-top-color:rgba(243,10,10,0);border-top-style:double;border-right-color:rgba(243,10,10,0);border-right-style:double;border-bottom-color:rgba(243,10,10,0);border-bottom-style:double;border-left-color:rgba(243,10,10,0);border-left-style:double;}}<\/style>\n<div class=\"wp-block-kadence-image kb-image256_fb837f-38\"><figure class=\"aligncenter size-large kb-filter-mayfair\"><img loading=\"lazy\" decoding=\"async\" width=\"1024\" height=\"768\" src=\"http:\/\/www.test.bip.mzk.bydgoszcz.pl\/wp-content\/uploads\/2023\/10\/IMG_20200812_093320-1024x768.jpg\" alt=\"\" class=\"kb-img wp-image-18\" srcset=\"https:\/\/bip.mzk.bydgoszcz.pl\/wp-content\/uploads\/2023\/10\/IMG_20200812_093320-1024x768.jpg 1024w, https:\/\/bip.mzk.bydgoszcz.pl\/wp-content\/uploads\/2023\/10\/IMG_20200812_093320-300x225.jpg 300w, https:\/\/bip.mzk.bydgoszcz.pl\/wp-content\/uploads\/2023\/10\/IMG_20200812_093320-768x576.jpg 768w, https:\/\/bip.mzk.bydgoszcz.pl\/wp-content\/uploads\/2023\/10\/IMG_20200812_093320-1536x1152.jpg 1536w, https:\/\/bip.mzk.bydgoszcz.pl\/wp-content\/uploads\/2023\/10\/IMG_20200812_093320-2048x1536.jpg 2048w\" sizes=\"auto, (max-width: 1024px) 100vw, 1024px\" \/><\/figure><\/div>\n<\/div><\/div>\n\n<\/div><\/div>\n\n\n<h1 class=\"wp-block-heading has-text-align-center\"><strong>Osoby odpowiedzialne za serwis<\/strong><\/h1>\n\n\n<style>.kb-row-layout-id256_f7fa99-10 > .kt-row-column-wrap{align-content:start;}:where(.kb-row-layout-id256_f7fa99-10 > .kt-row-column-wrap) > .wp-block-kadence-column{justify-content:start;}.kb-row-layout-id256_f7fa99-10 > .kt-row-column-wrap{column-gap:var(--global-kb-gap-md, 2rem);row-gap:var(--global-kb-gap-md, 2rem);padding-top:var(--global-kb-spacing-sm, 1.5rem);padding-bottom:var(--global-kb-spacing-sm, 1.5rem);grid-template-columns:minmax(0, 10%) minmax(0, 80%) minmax(0, 10%);}.kb-row-layout-id256_f7fa99-10 > .kt-row-layout-overlay{opacity:0.30;}@media all and (max-width: 1024px){.kb-row-layout-id256_f7fa99-10 > .kt-row-column-wrap{grid-template-columns:repeat(3, minmax(0, 1fr));}}@media all and (max-width: 767px){.kb-row-layout-id256_f7fa99-10 > .kt-row-column-wrap{grid-template-columns:minmax(0, 1fr);}}<\/style><div class=\"kb-row-layout-wrap kb-row-layout-id256_f7fa99-10 alignnone wp-block-kadence-rowlayout\"><div class=\"kt-row-column-wrap kt-has-3-columns kt-row-layout-center-exwide kt-tab-layout-inherit kt-mobile-layout-row kt-row-valign-top\">\n<style>.kadence-column256_32bd25-f2 > .kt-inside-inner-col,.kadence-column256_32bd25-f2 > .kt-inside-inner-col:before{border-top-left-radius:0px;border-top-right-radius:0px;border-bottom-right-radius:0px;border-bottom-left-radius:0px;}.kadence-column256_32bd25-f2 > .kt-inside-inner-col{column-gap:var(--global-kb-gap-sm, 1rem);}.kadence-column256_32bd25-f2 > .kt-inside-inner-col{flex-direction:column;}.kadence-column256_32bd25-f2 > .kt-inside-inner-col > .aligncenter{width:100%;}.kadence-column256_32bd25-f2 > .kt-inside-inner-col:before{opacity:0.3;}.kadence-column256_32bd25-f2{position:relative;}@media all and (max-width: 1024px){.kadence-column256_32bd25-f2 > .kt-inside-inner-col{flex-direction:column;}}@media all and (max-width: 767px){.kadence-column256_32bd25-f2 > .kt-inside-inner-col{flex-direction:column;}}<\/style>\n<div class=\"wp-block-kadence-column kadence-column256_32bd25-f2\"><div class=\"kt-inside-inner-col\"><\/div><\/div>\n\n\n<style>.kadence-column256_ee90e6-45 > .kt-inside-inner-col,.kadence-column256_ee90e6-45 > .kt-inside-inner-col:before{border-top-left-radius:0px;border-top-right-radius:0px;border-bottom-right-radius:0px;border-bottom-left-radius:0px;}.kadence-column256_ee90e6-45 > .kt-inside-inner-col{column-gap:var(--global-kb-gap-sm, 1rem);}.kadence-column256_ee90e6-45 > .kt-inside-inner-col{flex-direction:column;}.kadence-column256_ee90e6-45 > .kt-inside-inner-col > .aligncenter{width:100%;}.kadence-column256_ee90e6-45 > .kt-inside-inner-col:before{opacity:0.3;}.kadence-column256_ee90e6-45{position:relative;}@media all and (max-width: 1024px){.kadence-column256_ee90e6-45 > .kt-inside-inner-col{flex-direction:column;}}@media all and (max-width: 767px){.kadence-column256_ee90e6-45 > .kt-inside-inner-col{flex-direction:column;}}<\/style>\n<div class=\"wp-block-kadence-column kadence-column256_ee90e6-45\"><div class=\"kt-inside-inner-col\">\n<p><\/p>\n\n\n\n<h3 class=\"wp-block-heading\">Adres Redakcji Biuletynu:<\/h3>\n\n\n\n<p>Miejskie Zak\u0142ady Komunikacyjne Sp. z o.o.<br>ul. Inowroc\u0142awska 11, 85-153 Bydgoszcz<br>tel. <a href=\"tel:523249410\">52 324 94 10<\/a>, fax. <a href=\"fax:523249436\">52 324 94 36<\/a><br>e-mail: <a href=\"mailto:bip@mzk.bydgoszcz.pl\">bip@mzk.bydgoszcz.pl<\/a><\/p>\n\n\n\n<h3 class=\"wp-block-heading\">Przedstawiciel redakcji:<\/h3>\n\n\n\n<p><strong>Magdalena Duda<\/strong><br>tel. 500-861-531<br>email: <a href=\"mailto:krybicka@mzk.bydgoszcz.pl\">mduda@mzk.bydgoszcz.pl<\/a><\/p>\n<\/div><\/div>\n\n\n<style>.kadence-column256_651bab-26 > .kt-inside-inner-col,.kadence-column256_651bab-26 > .kt-inside-inner-col:before{border-top-left-radius:0px;border-top-right-radius:0px;border-bottom-right-radius:0px;border-bottom-left-radius:0px;}.kadence-column256_651bab-26 > .kt-inside-inner-col{column-gap:var(--global-kb-gap-sm, 1rem);}.kadence-column256_651bab-26 > .kt-inside-inner-col{flex-direction:column;}.kadence-column256_651bab-26 > .kt-inside-inner-col > .aligncenter{width:100%;}.kadence-column256_651bab-26 > .kt-inside-inner-col:before{opacity:0.3;}.kadence-column256_651bab-26{position:relative;}@media all and (max-width: 1024px){.kadence-column256_651bab-26 > .kt-inside-inner-col{flex-direction:column;}}@media all and (max-width: 767px){.kadence-column256_651bab-26 > .kt-inside-inner-col{flex-direction:column;}}<\/style>\n<div class=\"wp-block-kadence-column kadence-column256_651bab-26\"><div class=\"kt-inside-inner-col\"><\/div><\/div>\n\n<\/div><\/div>\n\n<style>.kb-row-layout-id256_99a0c7-c0 > .kt-row-column-wrap{align-content:start;}:where(.kb-row-layout-id256_99a0c7-c0 > .kt-row-column-wrap) > .wp-block-kadence-column{justify-content:start;}.kb-row-layout-id256_99a0c7-c0 > .kt-row-column-wrap{column-gap:var(--global-kb-gap-md, 2rem);row-gap:var(--global-kb-gap-md, 2rem);padding-top:var(--global-kb-spacing-sm, 1.5rem);padding-bottom:var(--global-kb-spacing-sm, 1.5rem);grid-template-columns:minmax(0, 1fr);}.kb-row-layout-id256_99a0c7-c0 > .kt-row-layout-overlay{opacity:0.30;}@media all and (max-width: 1024px){.kb-row-layout-id256_99a0c7-c0 > .kt-row-column-wrap{grid-template-columns:minmax(0, 1fr);}}@media all and (max-width: 767px){.kb-row-layout-id256_99a0c7-c0 > .kt-row-column-wrap{grid-template-columns:minmax(0, 1fr);}}<\/style><div class=\"kb-row-layout-wrap kb-row-layout-id256_99a0c7-c0 alignnone wp-block-kadence-rowlayout\"><div class=\"kt-row-column-wrap kt-has-1-columns kt-row-layout-equal kt-tab-layout-inherit kt-mobile-layout-row kt-row-valign-top\">\n<style>.kadence-column256_d7399b-20 > .kt-inside-inner-col,.kadence-column256_d7399b-20 > .kt-inside-inner-col:before{border-top-left-radius:0px;border-top-right-radius:0px;border-bottom-right-radius:0px;border-bottom-left-radius:0px;}.kadence-column256_d7399b-20 > .kt-inside-inner-col{column-gap:var(--global-kb-gap-sm, 1rem);}.kadence-column256_d7399b-20 > .kt-inside-inner-col{flex-direction:column;}.kadence-column256_d7399b-20 > .kt-inside-inner-col > .aligncenter{width:100%;}.kadence-column256_d7399b-20 > .kt-inside-inner-col:before{opacity:0.3;}.kadence-column256_d7399b-20{position:relative;}@media all and (max-width: 1024px){.kadence-column256_d7399b-20 > .kt-inside-inner-col{flex-direction:column;}}@media all and (max-width: 767px){.kadence-column256_d7399b-20 > .kt-inside-inner-col{flex-direction:column;}}<\/style>\n<div class=\"wp-block-kadence-column kadence-column256_d7399b-20\"><div class=\"kt-inside-inner-col\">\n<hr class=\"wp-block-separator has-alpha-channel-opacity is-style-wide\"\/>\n\n\n\n<p class=\"has-text-align-right\">Wytworzy\u0142a: Alina Prochownik (03.11.2005)<br>Wprowadzi\u0142: Tomasz Dura\u0142ek (03.11.2005)<br>Ostatnia zmiana: Katarzyna Rybicka (02.01.2023)<br>Zmieniono: przedstawiciela redakcji na &#8222;Katarzyna Rybicka&#8221;.<\/p>\n\n\n\n<p class=\"has-text-align-right\"><\/p>\n<\/div><\/div>\n\n<\/div><\/div>","protected":false},"excerpt":{"rendered":"<p>Osoby odpowiedzialne za serwis Adres Redakcji Biuletynu: Miejskie Zak\u0142ady Komunikacyjne Sp. z o.o.ul. Inowroc\u0142awska 11, 85-153 Bydgoszcztel. 52 324 94 10, fax. 52 324 94 36e-mail: bip@mzk.bydgoszcz.pl Przedstawiciel redakcji: Magdalena Dudatel. 500-861-531email: mduda@mzk.bydgoszcz.pl Wytworzy\u0142a: Alina Prochownik (03.11.2005)Wprowadzi\u0142: Tomasz Dura\u0142ek (03.11.2005)Ostatnia zmiana: Katarzyna Rybicka (02.01.2023)Zmieniono: przedstawiciela redakcji na &#8222;Katarzyna Rybicka&#8221;.<\/p>\n","protected":false},"author":1,"featured_media":0,"parent":0,"menu_order":0,"comment_status":"closed","ping_status":"closed","template":"","meta":{"_kadence_starter_templates_imported_post":false,"_kad_post_transparent":"","_kad_post_title":"","_kad_post_layout":"","_kad_post_sidebar_id":"","_kad_post_content_style":"","_kad_post_vertical_padding":"","_kad_post_feature":"","_kad_post_feature_position":"","_kad_post_header":false,"_kad_post_footer":false,"footnotes":""},"class_list":["post-256","page","type-page","status-publish","hentry"],"_links":{"self":[{"href":"https:\/\/bip.mzk.bydgoszcz.pl\/index.php\/wp-json\/wp\/v2\/pages\/256","targetHints":{"allow":["GET"]}}],"collection":[{"href":"https:\/\/bip.mzk.bydgoszcz.pl\/index.php\/wp-json\/wp\/v2\/pages"}],"about":[{"href":"https:\/\/bip.mzk.bydgoszcz.pl\/index.php\/wp-json\/wp\/v2\/types\/page"}],"author":[{"embeddable":true,"href":"https:\/\/bip.mzk.bydgoszcz.pl\/index.php\/wp-json\/wp\/v2\/users\/1"}],"replies":[{"embeddable":true,"href":"https:\/\/bip.mzk.bydgoszcz.pl\/index.php\/wp-json\/wp\/v2\/comments?post=256"}],"version-history":[{"count":5,"href":"https:\/\/bip.mzk.bydgoszcz.pl\/index.php\/wp-json\/wp\/v2\/pages\/256\/revisions"}],"predecessor-version":[{"id":742,"href":"https:\/\/bip.mzk.bydgoszcz.pl\/index.php\/wp-json\/wp\/v2\/pages\/256\/revisions\/742"}],"wp:attachment":[{"href":"https:\/\/bip.mzk.bydgoszcz.pl\/index.php\/wp-json\/wp\/v2\/media?parent=256"}],"curies":[{"name":"wp","href":"https:\/\/api.w.org\/{rel}","templated":true}]}}