{"id":259,"date":"2023-10-22T19:21:01","date_gmt":"2023-10-23T07:21:01","guid":{"rendered":"http:\/\/www.test.bip.mzk.bydgoszcz.pl\/?page_id=259"},"modified":"2024-09-29T20:06:12","modified_gmt":"2024-09-30T08:06:12","slug":"kontakt","status":"publish","type":"page","link":"https:\/\/bip.mzk.bydgoszcz.pl\/index.php\/kontakt\/","title":{"rendered":"Kontakt"},"content":{"rendered":"<style>.kb-row-layout-id259_d4284b-69 > .kt-row-column-wrap{align-content:start;}:where(.kb-row-layout-id259_d4284b-69 > .kt-row-column-wrap) > .wp-block-kadence-column{justify-content:start;}.kb-row-layout-id259_d4284b-69 > .kt-row-column-wrap{column-gap:0px;row-gap:var(--global-kb-gap-none, 0 );max-width:2000px;margin-left:auto;margin-right:auto;grid-template-columns:minmax(0, 40%) minmax(0, 20%) minmax(0, 40%);}.kb-row-layout-id259_d4284b-69{background-image:linear-gradient(135deg,rgb(6,147,227) 41%,rgb(20,39,109) 91%);}.kb-row-layout-id259_d4284b-69 > .kt-row-layout-overlay{opacity:0.30;}.kb-row-layout-id259_d4284b-69 .kt-row-layout-bottom-sep{height:100px;}.kb-row-layout-id259_d4284b-69 .kt-row-layout-bottom-sep svg{width:100%;}.kb-row-layout-id259_d4284b-69 .kt-row-layout-bottom-sep svg{fill:#ffffff!important;}.kb-row-layout-id259_d4284b-69 .kt-row-layout-top-sep{height:100px;}.kb-row-layout-id259_d4284b-69 .kt-row-layout-top-sep svg{fill:#ffffff!important;}@media all and (max-width: 1024px){.kb-row-layout-id259_d4284b-69 > .kt-row-column-wrap{grid-template-columns:repeat(3, minmax(0, 1fr));}}@media all and (max-width: 1024px){.kb-row-layout-id259_d4284b-69 .kt-row-layout-bottom-sep{height:px;}}@media all and (max-width: 1024px){.kb-row-layout-id259_d4284b-69 .kt-row-layout-bottom-sep svg{width:%;}}@media all and (max-width: 767px){.kb-row-layout-id259_d4284b-69 > .kt-row-column-wrap{grid-template-columns:minmax(0, 1fr);}.kb-row-layout-id259_d4284b-69 .kt-row-layout-bottom-sep{height:px;}.kb-row-layout-id259_d4284b-69 .kt-row-layout-bottom-sep svg{width:%;}}<\/style><div class=\"kb-row-layout-wrap kb-row-layout-id259_d4284b-69 alignnone kt-row-has-bg wp-block-kadence-rowlayout\"><div class=\"kt-row-layout-top-sep kt-row-sep-type-ctd\"><svg viewBox=\"0 0 1000 100\" preserveAspectRatio=\"none\"><path d=\"M1000,0l-500,98l-500,-98l0,100l1000,0l0,-100Z\" style=\"opacity: 0.4\" \/><path d=\"M1000,20l-500,78l-500,-78l0,80l1000,0l0,-80Z\" \/><\/svg><\/div><div class=\"kt-row-layout-bottom-sep kt-row-sep-type-ctd\"><svg viewBox=\"0 0 1000 100\" preserveAspectRatio=\"none\"><path d=\"M1000,0l-500,98l-500,-98l0,100l1000,0l0,-100Z\" style=\"opacity: 0.4\" \/><path d=\"M1000,20l-500,78l-500,-78l0,80l1000,0l0,-80Z\" \/><\/svg><\/div><div class=\"kt-row-column-wrap kt-has-3-columns kt-row-layout-equal kt-tab-layout-inherit kt-mobile-layout-row kt-row-valign-top\">\n<style>.kadence-column259_de9ecd-9a > .kt-inside-inner-col,.kadence-column259_de9ecd-9a > .kt-inside-inner-col:before{border-top-left-radius:0px;border-top-right-radius:0px;border-bottom-right-radius:0px;border-bottom-left-radius:0px;}.kadence-column259_de9ecd-9a > .kt-inside-inner-col{column-gap:var(--global-kb-gap-sm, 1rem);}.kadence-column259_de9ecd-9a > .kt-inside-inner-col{flex-direction:column;}.kadence-column259_de9ecd-9a > .kt-inside-inner-col > .aligncenter{width:100%;}.kadence-column259_de9ecd-9a > .kt-inside-inner-col:before{opacity:0.3;}.kadence-column259_de9ecd-9a{position:relative;}@media all and (max-width: 1024px){.kadence-column259_de9ecd-9a > .kt-inside-inner-col{flex-direction:column;}}@media all and (max-width: 767px){.kadence-column259_de9ecd-9a > .kt-inside-inner-col{flex-direction:column;}}<\/style>\n<div class=\"wp-block-kadence-column kadence-column259_de9ecd-9a\"><div class=\"kt-inside-inner-col\"><style>.kb-image259_c9a29b-85.kb-image-is-ratio-size, .kb-image259_c9a29b-85 .kb-image-is-ratio-size{max-width:411px;width:100%;}.wp-block-kadence-column > .kt-inside-inner-col > .kb-image259_c9a29b-85.kb-image-is-ratio-size, .wp-block-kadence-column > .kt-inside-inner-col > .kb-image259_c9a29b-85 .kb-image-is-ratio-size{align-self:unset;}.kb-image259_c9a29b-85 figure{max-width:411px;}.kb-image259_c9a29b-85 .image-is-svg, .kb-image259_c9a29b-85 .image-is-svg img{width:100%;}.kb-image259_c9a29b-85 .kb-image-has-overlay:after{opacity:0.3;}.kb-image259_c9a29b-85 img.kb-img, .kb-image259_c9a29b-85 .kb-img img{-webkit-mask-image:url(https:\/\/bip.mzk.bydgoszcz.pl\/wp-content\/plugins\/kadence-blocks\/includes\/assets\/images\/masks\/hexagon.svg);mask-image:url(https:\/\/bip.mzk.bydgoszcz.pl\/wp-content\/plugins\/kadence-blocks\/includes\/assets\/images\/masks\/hexagon.svg);-webkit-mask-size:auto;mask-size:auto;-webkit-mask-repeat:no-repeat;mask-repeat:no-repeat;-webkit-mask-position:center;mask-position:center;}<\/style>\n<div class=\"wp-block-kadence-image kb-image259_c9a29b-85\"><figure class=\"aligncenter size-large\"><img loading=\"lazy\" decoding=\"async\" width=\"1024\" height=\"683\" src=\"http:\/\/www.test.bip.mzk.bydgoszcz.pl\/wp-content\/uploads\/2023\/10\/20190503_092217-edited-1024x683.jpg\" alt=\"\" class=\"kb-img wp-image-20\" srcset=\"https:\/\/bip.mzk.bydgoszcz.pl\/wp-content\/uploads\/2023\/10\/20190503_092217-edited-1024x683.jpg 1024w, https:\/\/bip.mzk.bydgoszcz.pl\/wp-content\/uploads\/2023\/10\/20190503_092217-edited-300x200.jpg 300w, https:\/\/bip.mzk.bydgoszcz.pl\/wp-content\/uploads\/2023\/10\/20190503_092217-edited-768x512.jpg 768w, https:\/\/bip.mzk.bydgoszcz.pl\/wp-content\/uploads\/2023\/10\/20190503_092217-edited-1536x1024.jpg 1536w, https:\/\/bip.mzk.bydgoszcz.pl\/wp-content\/uploads\/2023\/10\/20190503_092217-edited-2048x1365.jpg 2048w\" sizes=\"auto, (max-width: 1024px) 100vw, 1024px\" \/><\/figure><\/div>\n<\/div><\/div>\n\n\n<style>.kadence-column259_1967f5-44 > .kt-inside-inner-col{display:flex;}.kadence-column259_1967f5-44 > .kt-inside-inner-col,.kadence-column259_1967f5-44 > .kt-inside-inner-col:before{border-top-left-radius:0px;border-top-right-radius:0px;border-bottom-right-radius:0px;border-bottom-left-radius:0px;}.kadence-column259_1967f5-44 > .kt-inside-inner-col{row-gap:0px;column-gap:0px;}.kadence-column259_1967f5-44 > .kt-inside-inner-col{flex-direction:column;justify-content:center;}.kadence-column259_1967f5-44 > .kt-inside-inner-col > .aligncenter{width:100%;}.kt-row-column-wrap > .kadence-column259_1967f5-44{align-self:center;}.kt-inner-column-height-full:not(.kt-has-1-columns) > .wp-block-kadence-column.kadence-column259_1967f5-44{align-self:auto;}.kt-inner-column-height-full:not(.kt-has-1-columns) > .wp-block-kadence-column.kadence-column259_1967f5-44 > .kt-inside-inner-col{flex-direction:column;justify-content:center;}.kadence-column259_1967f5-44 > .kt-inside-inner-col:before{opacity:0.3;}.kadence-column259_1967f5-44{text-align:left;}.kadence-column259_1967f5-44{position:relative;}@media all and (max-width: 1024px){.kadence-column259_1967f5-44 > .kt-inside-inner-col{flex-direction:column;}}@media all and (max-width: 767px){.kadence-column259_1967f5-44 > .kt-inside-inner-col{flex-direction:column;}}<\/style>\n<div class=\"wp-block-kadence-column kadence-column259_1967f5-44 kb-section-dir-vertical\"><div class=\"kt-inside-inner-col\"><style>.kb-image259_dd20fb-8a.kb-image-is-ratio-size, .kb-image259_dd20fb-8a .kb-image-is-ratio-size{max-width:213px;width:100%;}.wp-block-kadence-column > .kt-inside-inner-col > .kb-image259_dd20fb-8a.kb-image-is-ratio-size, .wp-block-kadence-column > .kt-inside-inner-col > .kb-image259_dd20fb-8a .kb-image-is-ratio-size{align-self:unset;}.kb-image259_dd20fb-8a figure{max-width:213px;}.kb-image259_dd20fb-8a .image-is-svg, .kb-image259_dd20fb-8a .image-is-svg img{width:100%;}.kb-image259_dd20fb-8a .kb-image-has-overlay:after{opacity:0.3;}<\/style>\n<div class=\"wp-block-kadence-image kb-image259_dd20fb-8a\"><figure class=\"aligncenter\"><img loading=\"lazy\" decoding=\"async\" width=\"200\" height=\"144\" src=\"https:\/\/bip.mzk.bydgoszcz.pl\/wp-content\/uploads\/2023\/10\/cropped-mzk-logo-wb.png\" alt=\"\" class=\"kb-img wp-image-251\"\/><\/figure><\/div>\n<\/div><\/div>\n\n\n<style>.kadence-column259_426c7b-1a > .kt-inside-inner-col,.kadence-column259_426c7b-1a > .kt-inside-inner-col:before{border-top-left-radius:0px;border-top-right-radius:0px;border-bottom-right-radius:0px;border-bottom-left-radius:0px;}.kadence-column259_426c7b-1a > .kt-inside-inner-col{column-gap:var(--global-kb-gap-sm, 1rem);}.kadence-column259_426c7b-1a > .kt-inside-inner-col{flex-direction:column;}.kadence-column259_426c7b-1a > .kt-inside-inner-col > .aligncenter{width:100%;}.kadence-column259_426c7b-1a > .kt-inside-inner-col:before{opacity:0.3;}.kadence-column259_426c7b-1a{position:relative;}@media all and (max-width: 1024px){.kadence-column259_426c7b-1a > .kt-inside-inner-col{flex-direction:column;}}@media all and (max-width: 767px){.kadence-column259_426c7b-1a > .kt-inside-inner-col{flex-direction:column;}}<\/style>\n<div class=\"wp-block-kadence-column kadence-column259_426c7b-1a\"><div class=\"kt-inside-inner-col\"><style>.kb-image259_33c5a9-dc.kb-image-is-ratio-size, .kb-image259_33c5a9-dc .kb-image-is-ratio-size{max-width:372px;width:100%;}.wp-block-kadence-column > .kt-inside-inner-col > .kb-image259_33c5a9-dc.kb-image-is-ratio-size, .wp-block-kadence-column > .kt-inside-inner-col > .kb-image259_33c5a9-dc .kb-image-is-ratio-size{align-self:unset;}.kb-image259_33c5a9-dc figure{max-width:372px;}.kb-image259_33c5a9-dc .image-is-svg, .kb-image259_33c5a9-dc .image-is-svg img{width:100%;}.kb-image259_33c5a9-dc:not(.kb-image-is-ratio-size) .kb-img, .kb-image259_33c5a9-dc.kb-image-is-ratio-size{padding-right:0px;}.kb-image259_33c5a9-dc .kb-image-has-overlay:after{opacity:0.3;}.kb-image259_33c5a9-dc img.kb-img, .kb-image259_33c5a9-dc .kb-img img{border-top-color:rgba(243,10,10,0);border-top-style:double;border-right-color:rgba(243,10,10,0);border-right-style:double;border-bottom-color:rgba(243,10,10,0);border-bottom-style:double;border-left-color:rgba(243,10,10,0);border-left-style:double;background-color:#ffffff;-webkit-mask-image:url(https:\/\/bip.mzk.bydgoszcz.pl\/wp-content\/plugins\/kadence-blocks\/includes\/assets\/images\/masks\/hexagon.svg);mask-image:url(https:\/\/bip.mzk.bydgoszcz.pl\/wp-content\/plugins\/kadence-blocks\/includes\/assets\/images\/masks\/hexagon.svg);-webkit-mask-size:auto;mask-size:auto;-webkit-mask-repeat:no-repeat;mask-repeat:no-repeat;-webkit-mask-position:center;mask-position:center;}@media all and (max-width: 1024px){.kb-image259_33c5a9-dc img.kb-img, .kb-image259_33c5a9-dc .kb-img img{border-top-color:rgba(243,10,10,0);border-top-style:double;border-right-color:rgba(243,10,10,0);border-right-style:double;border-bottom-color:rgba(243,10,10,0);border-bottom-style:double;border-left-color:rgba(243,10,10,0);border-left-style:double;}}@media all and (max-width: 767px){.kb-image259_33c5a9-dc img.kb-img, .kb-image259_33c5a9-dc .kb-img img{border-top-color:rgba(243,10,10,0);border-top-style:double;border-right-color:rgba(243,10,10,0);border-right-style:double;border-bottom-color:rgba(243,10,10,0);border-bottom-style:double;border-left-color:rgba(243,10,10,0);border-left-style:double;}}<\/style>\n<div class=\"wp-block-kadence-image kb-image259_33c5a9-dc\"><figure class=\"aligncenter size-large kb-filter-mayfair\"><img loading=\"lazy\" decoding=\"async\" width=\"1024\" height=\"768\" src=\"http:\/\/www.test.bip.mzk.bydgoszcz.pl\/wp-content\/uploads\/2023\/10\/IMG_20200812_093320-1024x768.jpg\" alt=\"\" class=\"kb-img wp-image-18\" srcset=\"https:\/\/bip.mzk.bydgoszcz.pl\/wp-content\/uploads\/2023\/10\/IMG_20200812_093320-1024x768.jpg 1024w, https:\/\/bip.mzk.bydgoszcz.pl\/wp-content\/uploads\/2023\/10\/IMG_20200812_093320-300x225.jpg 300w, https:\/\/bip.mzk.bydgoszcz.pl\/wp-content\/uploads\/2023\/10\/IMG_20200812_093320-768x576.jpg 768w, https:\/\/bip.mzk.bydgoszcz.pl\/wp-content\/uploads\/2023\/10\/IMG_20200812_093320-1536x1152.jpg 1536w, https:\/\/bip.mzk.bydgoszcz.pl\/wp-content\/uploads\/2023\/10\/IMG_20200812_093320-2048x1536.jpg 2048w\" sizes=\"auto, (max-width: 1024px) 100vw, 1024px\" \/><\/figure><\/div>\n<\/div><\/div>\n\n<\/div><\/div>\n\n\n<h1 class=\"wp-block-heading has-text-align-center\"><strong>Kontakt<\/strong><\/h1>\n\n\n<style>.kb-row-layout-id259_48ceaa-ee > .kt-row-column-wrap{align-content:start;}:where(.kb-row-layout-id259_48ceaa-ee > .kt-row-column-wrap) > .wp-block-kadence-column{justify-content:start;}.kb-row-layout-id259_48ceaa-ee > .kt-row-column-wrap{column-gap:var(--global-kb-gap-md, 2rem);row-gap:var(--global-kb-gap-md, 2rem);padding-top:var(--global-kb-spacing-sm, 1.5rem);padding-bottom:var(--global-kb-spacing-sm, 1.5rem);grid-template-columns:minmax(0, 10%) minmax(0, 80%) minmax(0, 10%);}.kb-row-layout-id259_48ceaa-ee > .kt-row-layout-overlay{opacity:0.30;}@media all and (max-width: 1024px){.kb-row-layout-id259_48ceaa-ee > .kt-row-column-wrap{grid-template-columns:repeat(3, minmax(0, 1fr));}}@media all and (max-width: 767px){.kb-row-layout-id259_48ceaa-ee > .kt-row-column-wrap{grid-template-columns:minmax(0, 1fr);}}<\/style><div class=\"kb-row-layout-wrap kb-row-layout-id259_48ceaa-ee alignnone wp-block-kadence-rowlayout\"><div class=\"kt-row-column-wrap kt-has-3-columns kt-row-layout-center-wide kt-tab-layout-inherit kt-mobile-layout-row kt-row-valign-top\">\n<style>.kadence-column259_95b791-83 > .kt-inside-inner-col,.kadence-column259_95b791-83 > .kt-inside-inner-col:before{border-top-left-radius:0px;border-top-right-radius:0px;border-bottom-right-radius:0px;border-bottom-left-radius:0px;}.kadence-column259_95b791-83 > .kt-inside-inner-col{column-gap:var(--global-kb-gap-sm, 1rem);}.kadence-column259_95b791-83 > .kt-inside-inner-col{flex-direction:column;}.kadence-column259_95b791-83 > .kt-inside-inner-col > .aligncenter{width:100%;}.kadence-column259_95b791-83 > .kt-inside-inner-col:before{opacity:0.3;}.kadence-column259_95b791-83{position:relative;}@media all and (max-width: 1024px){.kadence-column259_95b791-83 > .kt-inside-inner-col{flex-direction:column;}}@media all and (max-width: 767px){.kadence-column259_95b791-83 > .kt-inside-inner-col{flex-direction:column;}}<\/style>\n<div class=\"wp-block-kadence-column kadence-column259_95b791-83\"><div class=\"kt-inside-inner-col\"><\/div><\/div>\n\n\n<style>.kadence-column259_b316c6-69 > .kt-inside-inner-col,.kadence-column259_b316c6-69 > .kt-inside-inner-col:before{border-top-left-radius:0px;border-top-right-radius:0px;border-bottom-right-radius:0px;border-bottom-left-radius:0px;}.kadence-column259_b316c6-69 > .kt-inside-inner-col{column-gap:var(--global-kb-gap-sm, 1rem);}.kadence-column259_b316c6-69 > .kt-inside-inner-col{flex-direction:column;}.kadence-column259_b316c6-69 > .kt-inside-inner-col > .aligncenter{width:100%;}.kadence-column259_b316c6-69 > .kt-inside-inner-col:before{opacity:0.3;}.kadence-column259_b316c6-69{position:relative;}@media all and (max-width: 1024px){.kadence-column259_b316c6-69 > .kt-inside-inner-col{flex-direction:column;}}@media all and (max-width: 767px){.kadence-column259_b316c6-69 > .kt-inside-inner-col{flex-direction:column;}}<\/style>\n<div class=\"wp-block-kadence-column kadence-column259_b316c6-69\"><div class=\"kt-inside-inner-col\">\n<p><\/p>\n\n\n\n<figure class=\"wp-block-table is-style-stripes\"><table><tbody><tr><td>Zarz\u0105d Sp\u00f3\u0142ki<\/td><td>ul. Inowroc\u0142awska 11<br>85-153 Bydgoszcz<\/td><td>centrala <a href=\"tel:523249410\">52 324-94-10<\/a><\/td><\/tr><tr><td>Zak\u0142ad Autobusowy<\/td><td>ul. Inowroc\u0142awska 11<br>85-153 Bydgoszcz<\/td><td>telefon <a href=\"tel:523249450\">52 324-94-50<\/a><\/td><\/tr><tr><td>Zak\u0142ad Tramwajowy<\/td><td>ul. Toru\u0144ska 278<br>85-831 Bydgoszcz<\/td><td>centrala <a href=\"tel:523249420\">52 324-94-20<\/a><br>telefon <a href=\"tel:523249465\">52 324-94-65<\/a><\/td><\/tr><tr><td>Zak\u0142ad Eksploatacji<\/td><td>ul. Inowroc\u0142awska 11<br>85-153 Bydgoszcz<\/td><td>telefon <a href=\"tel:523249453\">52 324-94-53<\/a><\/td><\/tr><tr><td>Dzia\u0142 Nadzoru Ruchu<\/td><td>ul. Inowroc\u0142awska 11<br>85-153 Bydgoszcz<\/td><td>telefon <a href=\"tel:523249478\">52 324-94-78<\/a><br>infolinia <a href=\"tel:19285\">19285<\/a><\/td><\/tr><\/tbody><\/table><\/figure>\n<\/div><\/div>\n\n\n<style>.kadence-column259_df83b3-e1 > .kt-inside-inner-col,.kadence-column259_df83b3-e1 > .kt-inside-inner-col:before{border-top-left-radius:0px;border-top-right-radius:0px;border-bottom-right-radius:0px;border-bottom-left-radius:0px;}.kadence-column259_df83b3-e1 > .kt-inside-inner-col{column-gap:var(--global-kb-gap-sm, 1rem);}.kadence-column259_df83b3-e1 > .kt-inside-inner-col{flex-direction:column;}.kadence-column259_df83b3-e1 > .kt-inside-inner-col > .aligncenter{width:100%;}.kadence-column259_df83b3-e1 > .kt-inside-inner-col:before{opacity:0.3;}.kadence-column259_df83b3-e1{position:relative;}@media all and (max-width: 1024px){.kadence-column259_df83b3-e1 > .kt-inside-inner-col{flex-direction:column;}}@media all and (max-width: 767px){.kadence-column259_df83b3-e1 > .kt-inside-inner-col{flex-direction:column;}}<\/style>\n<div class=\"wp-block-kadence-column kadence-column259_df83b3-e1\"><div class=\"kt-inside-inner-col\"><\/div><\/div>\n\n<\/div><\/div>\n\n\n<p class=\"has-text-align-right\">Wytworzy\u0142a: Alina Prochownik (03.11.2005)  <br>Wprowadzi\u0142: Tomasz Dura\u0142ek (04.11.2005)  <\/p>\n","protected":false},"excerpt":{"rendered":"<p>Kontakt Zarz\u0105d Sp\u00f3\u0142ki ul. Inowroc\u0142awska 1185-153 Bydgoszcz centrala 52 324-94-10 Zak\u0142ad Autobusowy ul. Inowroc\u0142awska 1185-153 Bydgoszcz telefon 52 324-94-50 Zak\u0142ad Tramwajowy ul. Toru\u0144ska 27885-831 Bydgoszcz centrala 52 324-94-20telefon 52 324-94-65 Zak\u0142ad Eksploatacji ul. Inowroc\u0142awska 1185-153 Bydgoszcz telefon 52 324-94-53 Dzia\u0142 Nadzoru Ruchu ul. Inowroc\u0142awska 1185-153 Bydgoszcz telefon 52 324-94-78infolinia 19285 Wytworzy\u0142a: Alina Prochownik (03.11.2005) Wprowadzi\u0142:&#8230;<\/p>\n","protected":false},"author":1,"featured_media":0,"parent":0,"menu_order":0,"comment_status":"closed","ping_status":"closed","template":"","meta":{"_kadence_starter_templates_imported_post":false,"_kad_post_transparent":"","_kad_post_title":"","_kad_post_layout":"","_kad_post_sidebar_id":"","_kad_post_content_style":"","_kad_post_vertical_padding":"","_kad_post_feature":"","_kad_post_feature_position":"","_kad_post_header":false,"_kad_post_footer":false,"footnotes":""},"class_list":["post-259","page","type-page","status-publish","hentry"],"_links":{"self":[{"href":"https:\/\/bip.mzk.bydgoszcz.pl\/index.php\/wp-json\/wp\/v2\/pages\/259","targetHints":{"allow":["GET"]}}],"collection":[{"href":"https:\/\/bip.mzk.bydgoszcz.pl\/index.php\/wp-json\/wp\/v2\/pages"}],"about":[{"href":"https:\/\/bip.mzk.bydgoszcz.pl\/index.php\/wp-json\/wp\/v2\/types\/page"}],"author":[{"embeddable":true,"href":"https:\/\/bip.mzk.bydgoszcz.pl\/index.php\/wp-json\/wp\/v2\/users\/1"}],"replies":[{"embeddable":true,"href":"https:\/\/bip.mzk.bydgoszcz.pl\/index.php\/wp-json\/wp\/v2\/comments?post=259"}],"version-history":[{"count":4,"href":"https:\/\/bip.mzk.bydgoszcz.pl\/index.php\/wp-json\/wp\/v2\/pages\/259\/revisions"}],"predecessor-version":[{"id":590,"href":"https:\/\/bip.mzk.bydgoszcz.pl\/index.php\/wp-json\/wp\/v2\/pages\/259\/revisions\/590"}],"wp:attachment":[{"href":"https:\/\/bip.mzk.bydgoszcz.pl\/index.php\/wp-json\/wp\/v2\/media?parent=259"}],"curies":[{"name":"wp","href":"https:\/\/api.w.org\/{rel}","templated":true}]}}