{"id":288,"date":"2023-10-24T18:29:51","date_gmt":"2023-10-25T06:29:51","guid":{"rendered":"http:\/\/www.test.bip.mzk.bydgoszcz.pl\/?page_id=288"},"modified":"2024-04-21T22:24:18","modified_gmt":"2024-04-22T10:24:18","slug":"tryb-dzialania","status":"publish","type":"page","link":"https:\/\/bip.mzk.bydgoszcz.pl\/index.php\/tryb-dzialania\/","title":{"rendered":"Tryb dzia\u0142ania"},"content":{"rendered":"<style>.kb-row-layout-id288_1038ce-44 > .kt-row-column-wrap{align-content:start;}:where(.kb-row-layout-id288_1038ce-44 > .kt-row-column-wrap) > .wp-block-kadence-column{justify-content:start;}.kb-row-layout-id288_1038ce-44 > .kt-row-column-wrap{column-gap:0px;row-gap:var(--global-kb-gap-none, 0 );max-width:2000px;margin-left:auto;margin-right:auto;grid-template-columns:minmax(0, 40%) minmax(0, 20%) minmax(0, 40%);}.kb-row-layout-id288_1038ce-44{background-image:linear-gradient(135deg,rgb(6,147,227) 41%,rgb(20,39,109) 91%);}.kb-row-layout-id288_1038ce-44 > .kt-row-layout-overlay{opacity:0.30;}.kb-row-layout-id288_1038ce-44 .kt-row-layout-bottom-sep{height:100px;}.kb-row-layout-id288_1038ce-44 .kt-row-layout-bottom-sep svg{width:100%;}.kb-row-layout-id288_1038ce-44 .kt-row-layout-bottom-sep svg{fill:#ffffff!important;}.kb-row-layout-id288_1038ce-44 .kt-row-layout-top-sep{height:100px;}.kb-row-layout-id288_1038ce-44 .kt-row-layout-top-sep svg{fill:#ffffff!important;}@media all and (max-width: 1024px){.kb-row-layout-id288_1038ce-44 > .kt-row-column-wrap{grid-template-columns:repeat(3, minmax(0, 1fr));}}@media all and (max-width: 1024px){.kb-row-layout-id288_1038ce-44 .kt-row-layout-bottom-sep{height:px;}}@media all and (max-width: 1024px){.kb-row-layout-id288_1038ce-44 .kt-row-layout-bottom-sep svg{width:%;}}@media all and (max-width: 767px){.kb-row-layout-id288_1038ce-44 > .kt-row-column-wrap{grid-template-columns:minmax(0, 1fr);}.kb-row-layout-id288_1038ce-44 .kt-row-layout-bottom-sep{height:px;}.kb-row-layout-id288_1038ce-44 .kt-row-layout-bottom-sep svg{width:%;}}<\/style><div class=\"kb-row-layout-wrap kb-row-layout-id288_1038ce-44 alignnone kt-row-has-bg wp-block-kadence-rowlayout\"><div class=\"kt-row-layout-top-sep kt-row-sep-type-ctd\"><svg viewBox=\"0 0 1000 100\" preserveAspectRatio=\"none\"><path d=\"M1000,0l-500,98l-500,-98l0,100l1000,0l0,-100Z\" style=\"opacity: 0.4\" \/><path d=\"M1000,20l-500,78l-500,-78l0,80l1000,0l0,-80Z\" \/><\/svg><\/div><div class=\"kt-row-layout-bottom-sep kt-row-sep-type-ctd\"><svg viewBox=\"0 0 1000 100\" preserveAspectRatio=\"none\"><path d=\"M1000,0l-500,98l-500,-98l0,100l1000,0l0,-100Z\" style=\"opacity: 0.4\" \/><path d=\"M1000,20l-500,78l-500,-78l0,80l1000,0l0,-80Z\" \/><\/svg><\/div><div class=\"kt-row-column-wrap kt-has-3-columns kt-row-layout-equal kt-tab-layout-inherit kt-mobile-layout-row kt-row-valign-top\">\n<style>.kadence-column288_9b8404-8b > .kt-inside-inner-col,.kadence-column288_9b8404-8b > .kt-inside-inner-col:before{border-top-left-radius:0px;border-top-right-radius:0px;border-bottom-right-radius:0px;border-bottom-left-radius:0px;}.kadence-column288_9b8404-8b > .kt-inside-inner-col{column-gap:var(--global-kb-gap-sm, 1rem);}.kadence-column288_9b8404-8b > .kt-inside-inner-col{flex-direction:column;}.kadence-column288_9b8404-8b > .kt-inside-inner-col > .aligncenter{width:100%;}.kadence-column288_9b8404-8b > .kt-inside-inner-col:before{opacity:0.3;}.kadence-column288_9b8404-8b{position:relative;}@media all and (max-width: 1024px){.kadence-column288_9b8404-8b > .kt-inside-inner-col{flex-direction:column;}}@media all and (max-width: 767px){.kadence-column288_9b8404-8b > .kt-inside-inner-col{flex-direction:column;}}<\/style>\n<div class=\"wp-block-kadence-column kadence-column288_9b8404-8b\"><div class=\"kt-inside-inner-col\"><style>.kb-image288_5bdd17-56.kb-image-is-ratio-size, .kb-image288_5bdd17-56 .kb-image-is-ratio-size{max-width:411px;width:100%;}.wp-block-kadence-column > .kt-inside-inner-col > .kb-image288_5bdd17-56.kb-image-is-ratio-size, .wp-block-kadence-column > .kt-inside-inner-col > .kb-image288_5bdd17-56 .kb-image-is-ratio-size{align-self:unset;}.kb-image288_5bdd17-56 figure{max-width:411px;}.kb-image288_5bdd17-56 .image-is-svg, .kb-image288_5bdd17-56 .image-is-svg img{width:100%;}.kb-image288_5bdd17-56 .kb-image-has-overlay:after{opacity:0.3;}.kb-image288_5bdd17-56 img.kb-img, .kb-image288_5bdd17-56 .kb-img img{-webkit-mask-image:url(https:\/\/bip.mzk.bydgoszcz.pl\/wp-content\/plugins\/kadence-blocks\/includes\/assets\/images\/masks\/hexagon.svg);mask-image:url(https:\/\/bip.mzk.bydgoszcz.pl\/wp-content\/plugins\/kadence-blocks\/includes\/assets\/images\/masks\/hexagon.svg);-webkit-mask-size:auto;mask-size:auto;-webkit-mask-repeat:no-repeat;mask-repeat:no-repeat;-webkit-mask-position:center;mask-position:center;}<\/style>\n<div class=\"wp-block-kadence-image kb-image288_5bdd17-56\"><figure class=\"aligncenter size-large\"><img loading=\"lazy\" decoding=\"async\" width=\"1024\" height=\"683\" src=\"http:\/\/www.test.bip.mzk.bydgoszcz.pl\/wp-content\/uploads\/2023\/10\/20190503_092217-edited-1024x683.jpg\" alt=\"\" class=\"kb-img wp-image-20\" srcset=\"https:\/\/bip.mzk.bydgoszcz.pl\/wp-content\/uploads\/2023\/10\/20190503_092217-edited-1024x683.jpg 1024w, https:\/\/bip.mzk.bydgoszcz.pl\/wp-content\/uploads\/2023\/10\/20190503_092217-edited-300x200.jpg 300w, https:\/\/bip.mzk.bydgoszcz.pl\/wp-content\/uploads\/2023\/10\/20190503_092217-edited-768x512.jpg 768w, https:\/\/bip.mzk.bydgoszcz.pl\/wp-content\/uploads\/2023\/10\/20190503_092217-edited-1536x1024.jpg 1536w, https:\/\/bip.mzk.bydgoszcz.pl\/wp-content\/uploads\/2023\/10\/20190503_092217-edited-2048x1365.jpg 2048w\" sizes=\"auto, (max-width: 1024px) 100vw, 1024px\" \/><\/figure><\/div>\n<\/div><\/div>\n\n\n<style>.kadence-column288_e857ba-93 > .kt-inside-inner-col{display:flex;}.kadence-column288_e857ba-93 > .kt-inside-inner-col,.kadence-column288_e857ba-93 > .kt-inside-inner-col:before{border-top-left-radius:0px;border-top-right-radius:0px;border-bottom-right-radius:0px;border-bottom-left-radius:0px;}.kadence-column288_e857ba-93 > .kt-inside-inner-col{row-gap:0px;column-gap:0px;}.kadence-column288_e857ba-93 > .kt-inside-inner-col{flex-direction:column;justify-content:center;}.kadence-column288_e857ba-93 > .kt-inside-inner-col > .aligncenter{width:100%;}.kt-row-column-wrap > .kadence-column288_e857ba-93{align-self:center;}.kt-inner-column-height-full:not(.kt-has-1-columns) > .wp-block-kadence-column.kadence-column288_e857ba-93{align-self:auto;}.kt-inner-column-height-full:not(.kt-has-1-columns) > .wp-block-kadence-column.kadence-column288_e857ba-93 > .kt-inside-inner-col{flex-direction:column;justify-content:center;}.kadence-column288_e857ba-93 > .kt-inside-inner-col:before{opacity:0.3;}.kadence-column288_e857ba-93{text-align:left;}.kadence-column288_e857ba-93{position:relative;}@media all and (max-width: 1024px){.kadence-column288_e857ba-93 > .kt-inside-inner-col{flex-direction:column;}}@media all and (max-width: 767px){.kadence-column288_e857ba-93 > .kt-inside-inner-col{flex-direction:column;}}<\/style>\n<div class=\"wp-block-kadence-column kadence-column288_e857ba-93 kb-section-dir-vertical\"><div class=\"kt-inside-inner-col\"><style>.kb-image288_508c3c-c0.kb-image-is-ratio-size, .kb-image288_508c3c-c0 .kb-image-is-ratio-size{max-width:213px;width:100%;}.wp-block-kadence-column > .kt-inside-inner-col > .kb-image288_508c3c-c0.kb-image-is-ratio-size, .wp-block-kadence-column > .kt-inside-inner-col > .kb-image288_508c3c-c0 .kb-image-is-ratio-size{align-self:unset;}.kb-image288_508c3c-c0 figure{max-width:213px;}.kb-image288_508c3c-c0 .image-is-svg, .kb-image288_508c3c-c0 .image-is-svg img{width:100%;}.kb-image288_508c3c-c0 .kb-image-has-overlay:after{opacity:0.3;}<\/style>\n<div class=\"wp-block-kadence-image kb-image288_508c3c-c0\"><figure class=\"aligncenter\"><img loading=\"lazy\" decoding=\"async\" width=\"200\" height=\"144\" src=\"https:\/\/bip.mzk.bydgoszcz.pl\/wp-content\/uploads\/2023\/10\/cropped-mzk-logo-wb.png\" alt=\"\" class=\"kb-img wp-image-251\"\/><\/figure><\/div>\n<\/div><\/div>\n\n\n<style>.kadence-column288_a10d8c-ef > .kt-inside-inner-col,.kadence-column288_a10d8c-ef > .kt-inside-inner-col:before{border-top-left-radius:0px;border-top-right-radius:0px;border-bottom-right-radius:0px;border-bottom-left-radius:0px;}.kadence-column288_a10d8c-ef > .kt-inside-inner-col{column-gap:var(--global-kb-gap-sm, 1rem);}.kadence-column288_a10d8c-ef > .kt-inside-inner-col{flex-direction:column;}.kadence-column288_a10d8c-ef > .kt-inside-inner-col > .aligncenter{width:100%;}.kadence-column288_a10d8c-ef > .kt-inside-inner-col:before{opacity:0.3;}.kadence-column288_a10d8c-ef{position:relative;}@media all and (max-width: 1024px){.kadence-column288_a10d8c-ef > .kt-inside-inner-col{flex-direction:column;}}@media all and (max-width: 767px){.kadence-column288_a10d8c-ef > .kt-inside-inner-col{flex-direction:column;}}<\/style>\n<div class=\"wp-block-kadence-column kadence-column288_a10d8c-ef\"><div class=\"kt-inside-inner-col\"><style>.kb-image288_dde470-c7.kb-image-is-ratio-size, .kb-image288_dde470-c7 .kb-image-is-ratio-size{max-width:372px;width:100%;}.wp-block-kadence-column > .kt-inside-inner-col > .kb-image288_dde470-c7.kb-image-is-ratio-size, .wp-block-kadence-column > .kt-inside-inner-col > .kb-image288_dde470-c7 .kb-image-is-ratio-size{align-self:unset;}.kb-image288_dde470-c7 figure{max-width:372px;}.kb-image288_dde470-c7 .image-is-svg, .kb-image288_dde470-c7 .image-is-svg img{width:100%;}.kb-image288_dde470-c7:not(.kb-image-is-ratio-size) .kb-img, .kb-image288_dde470-c7.kb-image-is-ratio-size{padding-right:0px;}.kb-image288_dde470-c7 .kb-image-has-overlay:after{opacity:0.3;}.kb-image288_dde470-c7 img.kb-img, .kb-image288_dde470-c7 .kb-img img{border-top-color:rgba(243,10,10,0);border-top-style:double;border-right-color:rgba(243,10,10,0);border-right-style:double;border-bottom-color:rgba(243,10,10,0);border-bottom-style:double;border-left-color:rgba(243,10,10,0);border-left-style:double;background-color:#ffffff;-webkit-mask-image:url(https:\/\/bip.mzk.bydgoszcz.pl\/wp-content\/plugins\/kadence-blocks\/includes\/assets\/images\/masks\/hexagon.svg);mask-image:url(https:\/\/bip.mzk.bydgoszcz.pl\/wp-content\/plugins\/kadence-blocks\/includes\/assets\/images\/masks\/hexagon.svg);-webkit-mask-size:auto;mask-size:auto;-webkit-mask-repeat:no-repeat;mask-repeat:no-repeat;-webkit-mask-position:center;mask-position:center;}@media all and (max-width: 1024px){.kb-image288_dde470-c7 img.kb-img, .kb-image288_dde470-c7 .kb-img img{border-top-color:rgba(243,10,10,0);border-top-style:double;border-right-color:rgba(243,10,10,0);border-right-style:double;border-bottom-color:rgba(243,10,10,0);border-bottom-style:double;border-left-color:rgba(243,10,10,0);border-left-style:double;}}@media all and (max-width: 767px){.kb-image288_dde470-c7 img.kb-img, .kb-image288_dde470-c7 .kb-img img{border-top-color:rgba(243,10,10,0);border-top-style:double;border-right-color:rgba(243,10,10,0);border-right-style:double;border-bottom-color:rgba(243,10,10,0);border-bottom-style:double;border-left-color:rgba(243,10,10,0);border-left-style:double;}}<\/style>\n<div class=\"wp-block-kadence-image kb-image288_dde470-c7\"><figure class=\"aligncenter size-large kb-filter-mayfair\"><img loading=\"lazy\" decoding=\"async\" width=\"1024\" height=\"768\" src=\"http:\/\/www.test.bip.mzk.bydgoszcz.pl\/wp-content\/uploads\/2023\/10\/IMG_20200812_093320-1024x768.jpg\" alt=\"\" class=\"kb-img wp-image-18\" srcset=\"https:\/\/bip.mzk.bydgoszcz.pl\/wp-content\/uploads\/2023\/10\/IMG_20200812_093320-1024x768.jpg 1024w, https:\/\/bip.mzk.bydgoszcz.pl\/wp-content\/uploads\/2023\/10\/IMG_20200812_093320-300x225.jpg 300w, https:\/\/bip.mzk.bydgoszcz.pl\/wp-content\/uploads\/2023\/10\/IMG_20200812_093320-768x576.jpg 768w, https:\/\/bip.mzk.bydgoszcz.pl\/wp-content\/uploads\/2023\/10\/IMG_20200812_093320-1536x1152.jpg 1536w, https:\/\/bip.mzk.bydgoszcz.pl\/wp-content\/uploads\/2023\/10\/IMG_20200812_093320-2048x1536.jpg 2048w\" sizes=\"auto, (max-width: 1024px) 100vw, 1024px\" \/><\/figure><\/div>\n<\/div><\/div>\n\n<\/div><\/div>\n\n<style>.kb-row-layout-id288_4f3948-5b > .kt-row-column-wrap{align-content:start;}:where(.kb-row-layout-id288_4f3948-5b > .kt-row-column-wrap) > .wp-block-kadence-column{justify-content:start;}.kb-row-layout-id288_4f3948-5b > .kt-row-column-wrap{column-gap:var(--global-kb-gap-md, 2rem);row-gap:var(--global-kb-gap-md, 2rem);padding-top:var(--global-kb-spacing-sm, 1.5rem);padding-bottom:var(--global-kb-spacing-sm, 1.5rem);grid-template-columns:minmax(0, 10%) minmax(0, 80%) minmax(0, 10%);}.kb-row-layout-id288_4f3948-5b > .kt-row-layout-overlay{opacity:0.30;}@media all and (max-width: 1024px){.kb-row-layout-id288_4f3948-5b > .kt-row-column-wrap{grid-template-columns:repeat(3, minmax(0, 1fr));}}@media all and (max-width: 767px){.kb-row-layout-id288_4f3948-5b > .kt-row-column-wrap{grid-template-columns:minmax(0, 1fr);}}<\/style><div class=\"kb-row-layout-wrap kb-row-layout-id288_4f3948-5b alignnone wp-block-kadence-rowlayout\"><div class=\"kt-row-column-wrap kt-has-3-columns kt-row-layout-center-exwide kt-tab-layout-inherit kt-mobile-layout-row kt-row-valign-top\">\n<style>.kadence-column288_06e3ed-fd > .kt-inside-inner-col,.kadence-column288_06e3ed-fd > .kt-inside-inner-col:before{border-top-left-radius:0px;border-top-right-radius:0px;border-bottom-right-radius:0px;border-bottom-left-radius:0px;}.kadence-column288_06e3ed-fd > .kt-inside-inner-col{column-gap:var(--global-kb-gap-sm, 1rem);}.kadence-column288_06e3ed-fd > .kt-inside-inner-col{flex-direction:column;}.kadence-column288_06e3ed-fd > .kt-inside-inner-col > .aligncenter{width:100%;}.kadence-column288_06e3ed-fd > .kt-inside-inner-col:before{opacity:0.3;}.kadence-column288_06e3ed-fd{position:relative;}@media all and (max-width: 1024px){.kadence-column288_06e3ed-fd > .kt-inside-inner-col{flex-direction:column;}}@media all and (max-width: 767px){.kadence-column288_06e3ed-fd > .kt-inside-inner-col{flex-direction:column;}}<\/style>\n<div class=\"wp-block-kadence-column kadence-column288_06e3ed-fd\"><div class=\"kt-inside-inner-col\"><\/div><\/div>\n\n\n<style>.kadence-column288_dcb79f-28 > .kt-inside-inner-col,.kadence-column288_dcb79f-28 > .kt-inside-inner-col:before{border-top-left-radius:0px;border-top-right-radius:0px;border-bottom-right-radius:0px;border-bottom-left-radius:0px;}.kadence-column288_dcb79f-28 > .kt-inside-inner-col{column-gap:var(--global-kb-gap-sm, 1rem);}.kadence-column288_dcb79f-28 > .kt-inside-inner-col{flex-direction:column;}.kadence-column288_dcb79f-28 > .kt-inside-inner-col > .aligncenter{width:100%;}.kadence-column288_dcb79f-28 > .kt-inside-inner-col:before{opacity:0.3;}.kadence-column288_dcb79f-28{position:relative;}@media all and (max-width: 1024px){.kadence-column288_dcb79f-28 > .kt-inside-inner-col{flex-direction:column;}}@media all and (max-width: 767px){.kadence-column288_dcb79f-28 > .kt-inside-inner-col{flex-direction:column;}}<\/style>\n<div class=\"wp-block-kadence-column kadence-column288_dcb79f-28\"><div class=\"kt-inside-inner-col\">\n<p><\/p>\n\n\n\n<h1 class=\"wp-block-heading has-text-align-center\"><strong>Tryb dzia\u0142ania w zakresie wykonywanych zada\u0144 publicznych<\/strong><\/h1>\n\n\n\n<h3 class=\"wp-block-heading\">Miejskie Zak\u0142ady Komunikacyjne Sp. z o. o. w Bydgoszczy prowadz\u0105 dzia\u0142alno\u015b\u0107 gospodarcz\u0105 w oparciu o przepisy:<\/h3>\n\n\n\n<ol class=\"wp-block-list\">\n<li>Kodeksu sp\u00f3\u0142ek handlowych,<\/li>\n\n\n\n<li>ustawy o rachunkowo\u015bci,<\/li>\n\n\n\n<li>innych ustaw szczeg\u00f3lnych<\/li>\n\n\n\n<li>um\u00f3w cywilnoprawnych zawartych z Zarz\u0105dem Dr\u00f3g Miejskich i Komunikacji Publicznej w Bydgoszczy, kt\u00f3re okre\u015blaj\u0105:\n<ol class=\"wp-block-list\" style=\"list-style-type:lower-alpha\">\n<li>poziom i rodzaj us\u0142ug przewozowych komunikacj\u0105 miejsk\u0105 na terenie Bydgoszczy,<\/li>\n\n\n\n<li>trasy przebiegu linii komunikacyjnych, cz\u0119stotliwo\u015b\u0107 kursowania autobus\u00f3w i tramwaj\u00f3w,<\/li>\n\n\n\n<li>ilo\u015b\u0107 i rodzaj taboru przewozowego (wielko i ma\u0142opojemny),<\/li>\n\n\n\n<li>wynagrodzenie z tytu\u0142u wykonanych przewoz\u00f3w,<\/li>\n\n\n\n<li>warunki realizacji pozosta\u0142ych us\u0142ug odp\u0142atnych, zwi\u0105zanych z utrzymaniem infrastruktury tramwajowej tj. naprawy, remonty i konserwacje tor\u00f3w, sieci i podstacji trakcyjnych i poziom wynagrodzenia z tego tytu\u0142u.<\/li>\n<\/ol>\n<\/li>\n<\/ol>\n<\/div><\/div>\n\n\n<style>.kadence-column288_cf5a3d-7e > .kt-inside-inner-col,.kadence-column288_cf5a3d-7e > .kt-inside-inner-col:before{border-top-left-radius:0px;border-top-right-radius:0px;border-bottom-right-radius:0px;border-bottom-left-radius:0px;}.kadence-column288_cf5a3d-7e > .kt-inside-inner-col{column-gap:var(--global-kb-gap-sm, 1rem);}.kadence-column288_cf5a3d-7e > .kt-inside-inner-col{flex-direction:column;}.kadence-column288_cf5a3d-7e > .kt-inside-inner-col > .aligncenter{width:100%;}.kadence-column288_cf5a3d-7e > .kt-inside-inner-col:before{opacity:0.3;}.kadence-column288_cf5a3d-7e{position:relative;}@media all and (max-width: 1024px){.kadence-column288_cf5a3d-7e > .kt-inside-inner-col{flex-direction:column;}}@media all and (max-width: 767px){.kadence-column288_cf5a3d-7e > .kt-inside-inner-col{flex-direction:column;}}<\/style>\n<div class=\"wp-block-kadence-column kadence-column288_cf5a3d-7e\"><div class=\"kt-inside-inner-col\"><\/div><\/div>\n\n<\/div><\/div>\n\n<style>.kadence-column288_90ecb6-f0 > .kt-inside-inner-col,.kadence-column288_90ecb6-f0 > .kt-inside-inner-col:before{border-top-left-radius:0px;border-top-right-radius:0px;border-bottom-right-radius:0px;border-bottom-left-radius:0px;}.kadence-column288_90ecb6-f0 > .kt-inside-inner-col{column-gap:var(--global-kb-gap-sm, 1rem);}.kadence-column288_90ecb6-f0 > .kt-inside-inner-col{flex-direction:column;}.kadence-column288_90ecb6-f0 > .kt-inside-inner-col > .aligncenter{width:100%;}.kadence-column288_90ecb6-f0 > .kt-inside-inner-col:before{opacity:0.3;}.kadence-column288_90ecb6-f0{position:relative;}@media all and (max-width: 1024px){.kadence-column288_90ecb6-f0 > .kt-inside-inner-col{flex-direction:column;}}@media all and (max-width: 767px){.kadence-column288_90ecb6-f0 > .kt-inside-inner-col{flex-direction:column;}}<\/style>\n<div class=\"wp-block-kadence-column kadence-column288_90ecb6-f0\"><div class=\"kt-inside-inner-col\">\n<hr class=\"wp-block-separator has-alpha-channel-opacity is-style-wide\"\/>\n\n\n\n<p class=\"has-text-align-right\">Wytworzy\u0142a: Alina Prochownik (03.11.2005)<br>Wprowadzi\u0142: Tomasz Dura\u0142ek (03.11.2005)<\/p>\n\n\n\n<p class=\"has-text-align-right\"><\/p>\n<\/div><\/div>\n","protected":false},"excerpt":{"rendered":"<p>Tryb dzia\u0142ania w zakresie wykonywanych zada\u0144 publicznych Miejskie Zak\u0142ady Komunikacyjne Sp. z o. o. w Bydgoszczy prowadz\u0105 dzia\u0142alno\u015b\u0107 gospodarcz\u0105 w oparciu o przepisy: Wytworzy\u0142a: Alina Prochownik (03.11.2005)Wprowadzi\u0142: Tomasz Dura\u0142ek (03.11.2005)<\/p>\n","protected":false},"author":1,"featured_media":0,"parent":0,"menu_order":0,"comment_status":"closed","ping_status":"closed","template":"","meta":{"_kadence_starter_templates_imported_post":false,"_kad_post_transparent":"","_kad_post_title":"","_kad_post_layout":"","_kad_post_sidebar_id":"","_kad_post_content_style":"","_kad_post_vertical_padding":"","_kad_post_feature":"","_kad_post_feature_position":"","_kad_post_header":false,"_kad_post_footer":false,"footnotes":""},"class_list":["post-288","page","type-page","status-publish","hentry"],"_links":{"self":[{"href":"https:\/\/bip.mzk.bydgoszcz.pl\/index.php\/wp-json\/wp\/v2\/pages\/288","targetHints":{"allow":["GET"]}}],"collection":[{"href":"https:\/\/bip.mzk.bydgoszcz.pl\/index.php\/wp-json\/wp\/v2\/pages"}],"about":[{"href":"https:\/\/bip.mzk.bydgoszcz.pl\/index.php\/wp-json\/wp\/v2\/types\/page"}],"author":[{"embeddable":true,"href":"https:\/\/bip.mzk.bydgoszcz.pl\/index.php\/wp-json\/wp\/v2\/users\/1"}],"replies":[{"embeddable":true,"href":"https:\/\/bip.mzk.bydgoszcz.pl\/index.php\/wp-json\/wp\/v2\/comments?post=288"}],"version-history":[{"count":4,"href":"https:\/\/bip.mzk.bydgoszcz.pl\/index.php\/wp-json\/wp\/v2\/pages\/288\/revisions"}],"predecessor-version":[{"id":493,"href":"https:\/\/bip.mzk.bydgoszcz.pl\/index.php\/wp-json\/wp\/v2\/pages\/288\/revisions\/493"}],"wp:attachment":[{"href":"https:\/\/bip.mzk.bydgoszcz.pl\/index.php\/wp-json\/wp\/v2\/media?parent=288"}],"curies":[{"name":"wp","href":"https:\/\/api.w.org\/{rel}","templated":true}]}}